{"id":15,"date":"2025-10-03T17:10:48","date_gmt":"2025-10-03T17:10:48","guid":{"rendered":"http:\/\/lxbigvn.cluster100.hosting.ovh.net\/?page_id=15"},"modified":"2025-10-31T18:39:09","modified_gmt":"2025-10-31T18:39:09","slug":"boutique","status":"publish","type":"page","link":"https:\/\/www.itstimetoride.be\/index.php\/boutique\/","title":{"rendered":"Boutique"},"content":{"rendered":"\t\t<div data-elementor-type=\"wp-page\" data-elementor-id=\"15\" class=\"elementor elementor-15\">\n\t\t\t\t<div class=\"elementor-element elementor-element-490fa14 e-flex e-con-boxed e-con e-parent\" data-id=\"490fa14\" data-element_type=\"container\">\n\t\t\t\t\t<div class=\"e-con-inner\">\n\t\t\t\t<div class=\"elementor-element elementor-element-3081895 elementor-widget elementor-widget-image\" data-id=\"3081895\" data-element_type=\"widget\" data-widget_type=\"image.default\">\n\t\t\t\t\t\t\t\t\t\t\t\t\t\t\t<img fetchpriority=\"high\" decoding=\"async\" width=\"225\" height=\"300\" src=\"https:\/\/www.itstimetoride.be\/wp-content\/uploads\/2025\/10\/1760463169175-225x300.jpg\" class=\"attachment-medium size-medium wp-image-435\" alt=\"\" srcset=\"https:\/\/www.itstimetoride.be\/wp-content\/uploads\/2025\/10\/1760463169175-225x300.jpg 225w, https:\/\/www.itstimetoride.be\/wp-content\/uploads\/2025\/10\/1760463169175-768x1024.jpg 768w, https:\/\/www.itstimetoride.be\/wp-content\/uploads\/2025\/10\/1760463169175-1152x1536.jpg 1152w, https:\/\/www.itstimetoride.be\/wp-content\/uploads\/2025\/10\/1760463169175-1536x2048.jpg 1536w, https:\/\/www.itstimetoride.be\/wp-content\/uploads\/2025\/10\/1760463169175-scaled.jpg 1920w\" sizes=\"(max-width: 225px) 100vw, 225px\" \/>\t\t\t\t\t\t\t\t\t\t\t\t\t\t\t<\/div>\n\t\t\t\t<div class=\"elementor-element elementor-element-bf97cd4 elementor-widget elementor-widget-image\" data-id=\"bf97cd4\" data-element_type=\"widget\" data-widget_type=\"image.default\">\n\t\t\t\t\t\t\t\t\t\t\t\t\t\t\t<img decoding=\"async\" width=\"300\" height=\"225\" src=\"https:\/\/www.itstimetoride.be\/wp-content\/uploads\/2025\/10\/1760463169186-300x225.jpg\" class=\"attachment-medium size-medium wp-image-436\" alt=\"\" srcset=\"https:\/\/www.itstimetoride.be\/wp-content\/uploads\/2025\/10\/1760463169186-300x225.jpg 300w, https:\/\/www.itstimetoride.be\/wp-content\/uploads\/2025\/10\/1760463169186-1024x768.jpg 1024w, https:\/\/www.itstimetoride.be\/wp-content\/uploads\/2025\/10\/1760463169186-768x576.jpg 768w, https:\/\/www.itstimetoride.be\/wp-content\/uploads\/2025\/10\/1760463169186-1536x1152.jpg 1536w, https:\/\/www.itstimetoride.be\/wp-content\/uploads\/2025\/10\/1760463169186-2048x1536.jpg 2048w\" sizes=\"(max-width: 300px) 100vw, 300px\" \/>\t\t\t\t\t\t\t\t\t\t\t\t\t\t\t<\/div>\n\t\t\t\t<div class=\"elementor-element elementor-element-f72c384 elementor-widget elementor-widget-image\" data-id=\"f72c384\" data-element_type=\"widget\" data-widget_type=\"image.default\">\n\t\t\t\t\t\t\t\t\t\t\t\t\t\t\t<img decoding=\"async\" width=\"235\" height=\"300\" src=\"https:\/\/www.itstimetoride.be\/wp-content\/uploads\/2025\/10\/1760463169160-235x300.jpg\" class=\"attachment-medium size-medium wp-image-434\" alt=\"\" srcset=\"https:\/\/www.itstimetoride.be\/wp-content\/uploads\/2025\/10\/1760463169160-235x300.jpg 235w, https:\/\/www.itstimetoride.be\/wp-content\/uploads\/2025\/10\/1760463169160-803x1024.jpg 803w, https:\/\/www.itstimetoride.be\/wp-content\/uploads\/2025\/10\/1760463169160-768x979.jpg 768w, https:\/\/www.itstimetoride.be\/wp-content\/uploads\/2025\/10\/1760463169160-1205x1536.jpg 1205w, https:\/\/www.itstimetoride.be\/wp-content\/uploads\/2025\/10\/1760463169160-1607x2048.jpg 1607w, https:\/\/www.itstimetoride.be\/wp-content\/uploads\/2025\/10\/1760463169160-scaled.jpg 2008w\" sizes=\"(max-width: 235px) 100vw, 235px\" \/>\t\t\t\t\t\t\t\t\t\t\t\t\t\t\t<\/div>\n\t\t\t\t\t<\/div>\n\t\t\t\t<\/div>\n\t\t<div class=\"elementor-element elementor-element-5eff888 e-flex e-con-boxed e-con e-parent\" data-id=\"5eff888\" data-element_type=\"container\">\n\t\t\t\t\t<div class=\"e-con-inner\">\n\t\t\t\t<div class=\"elementor-element elementor-element-7c1409c elementor-widget elementor-widget-heading\" data-id=\"7c1409c\" data-element_type=\"widget\" data-widget_type=\"heading.default\">\n\t\t\t\t\t<h2 class=\"elementor-heading-title elementor-size-default\">Masque + 1 visi\u00e8re transparente\n50\u20ac<\/h2>\t\t\t\t<\/div>\n\t\t\t\t\t<\/div>\n\t\t\t\t<\/div>\n\t\t<div class=\"elementor-element elementor-element-9ac4aea e-flex e-con-boxed e-con e-parent\" data-id=\"9ac4aea\" data-element_type=\"container\">\n\t\t\t\t\t<div class=\"e-con-inner\">\n\t\t\t\t<div class=\"elementor-element elementor-element-d3a4cde elementor-widget elementor-widget-formidable\" data-id=\"d3a4cde\" data-element_type=\"widget\" data-widget_type=\"formidable.default\">\n\t\t\t\t<div class=\"elementor-widget-container\">\n\t\t\t\t\t<div class=\"frm_forms  with_frm_style frm_style_style-formidable\" id=\"frm_form_6_container\" data-token=\"036097be02316d0264589b8eb2ff46ef\">\n<form enctype=\"multipart\/form-data\" method=\"post\" class=\"frm-show-form \" id=\"form_masque\" data-token=\"036097be02316d0264589b8eb2ff46ef\">\n<div class=\"frm_form_fields \">\n<fieldset>\n<legend class=\"frm_screen_reader\">Masque<\/legend>\n\n<div class=\"frm_fields_container\">\n<input type=\"hidden\" name=\"frm_action\" value=\"create\" \/>\n<input type=\"hidden\" name=\"form_id\" value=\"6\" \/>\n<input type=\"hidden\" name=\"frm_hide_fields_6\" id=\"frm_hide_fields_6\" value=\"\" \/>\n<input type=\"hidden\" name=\"form_key\" value=\"masque\" \/>\n<input type=\"hidden\" name=\"item_meta[0]\" value=\"\" \/>\n<input type=\"hidden\" id=\"frm_submit_entry_6\" name=\"frm_submit_entry_6\" value=\"0cf7b16587\" \/><input type=\"hidden\" name=\"_wp_http_referer\" value=\"\/index.php\/wp-json\/wp\/v2\/pages\/15\" \/><div id=\"frm_field_70_container\" class=\"frm_form_field form-field  frm_required_field frm_top_container frm12 frm_first\">\n\t<div  id=\"field_8t5f_label\" class=\"frm_primary_label\">Nom Pr\u00e9nom\n\t\t<span class=\"frm_required\" aria-hidden=\"true\">*<\/span>\n\t<\/div>\n\t<fieldset aria-labelledby=\"field_8t5f_label\">\n\t<legend class=\"frm_screen_reader frm_hidden\">\n\t\tNom Pr\u00e9nom\t<\/legend>\n\n\t<div  class=\"frm_combo_inputs_container\" id=\"frm_combo_inputs_container_70\" data-name-layout=\"first_last\">\n\t\t\t\t\t<div\n\t\t\t\tid=\"frm_field_70-first_container\"\n\t\t\t\tclass=\"frm_form_field form-field frm_form_subfield-first  frm6\"\n\t\t\t\tdata-sub-field-name=\"first\"\n\t\t\t>\n\t\t\t\t<label for=\"field_8t5f_first\" class=\"frm_screen_reader frm_hidden\">\n\t\t\t\t\tPr\u00e9nom\t\t\t\t<\/label>\n\n\t\t\t\t<input  type=\"text\" id=\"field_8t5f_first\" value=\"\" name=\"item_meta[70][first]\" data-reqmsg=\"Nom Pr\u00e9nom ne peut pas \u00eatre vide.\" aria-required=\"true\" data-invmsg=\"Nom Pr\u00e9nom is invalid\" aria-invalid=\"false\"  \/><div class=\"frm_description\" id=\"frm_field_70_first_desc\">Pr\u00e9nom<\/div>\t\t\t<\/div>\n\t\t\t\t\t\t<div\n\t\t\t\tid=\"frm_field_70-last_container\"\n\t\t\t\tclass=\"frm_form_field form-field frm_form_subfield-last  frm6\"\n\t\t\t\tdata-sub-field-name=\"last\"\n\t\t\t>\n\t\t\t\t<label for=\"field_8t5f_last\" class=\"frm_screen_reader frm_hidden\">\n\t\t\t\t\tNom\t\t\t\t<\/label>\n\n\t\t\t\t<input  type=\"text\" id=\"field_8t5f_last\" value=\"\" name=\"item_meta[70][last]\" data-reqmsg=\"Nom Pr\u00e9nom ne peut pas \u00eatre vide.\" aria-required=\"true\" data-invmsg=\"Nom Pr\u00e9nom is invalid\" aria-invalid=\"false\"  \/><div class=\"frm_description\" id=\"frm_field_70_last_desc\">Nom<\/div>\t\t\t<\/div>\n\t\t\t\t<\/div>\n<\/fieldset>\n\n\t\n\t\n<\/div>\n<div id=\"frm_field_81_container\" class=\"frm_form_field form-field  frm_required_field frm_top_container frm6 frm_first\">\n\t<label for=\"field_uieud\" id=\"field_uieud_label\" class=\"frm_primary_label\">T\u00e9l\u00e9phone\n\t\t<span class=\"frm_required\" aria-hidden=\"true\">*<\/span>\n\t<\/label>\n\t<input type=\"tel\" id=\"field_uieud\" name=\"item_meta[81]\" value=\"\"  data-reqmsg=\"T\u00e9l\u00e9phone ne peut pas \u00eatre vide.\" aria-required=\"true\" data-invmsg=\"T\u00e9l\u00e9phone est non valide\" aria-invalid=\"false\" pattern=\"((\\+\\d{1,3}(-|.| )?\\(?\\d\\)?(-| |.)?\\d{1,5})|(\\(?\\d{2,6}\\)?))(-|.| )?(\\d{3,4})(-|.| )?(\\d{4})(( x| ext)\\d{1,5}){0,1}$\"  \/>\n\t\n\t\n<\/div>\n<div id=\"frm_field_71_container\" class=\"frm_form_field form-field  frm_required_field frm_top_container frm6\">\n\t<label for=\"field_3rxf\" id=\"field_3rxf_label\" class=\"frm_primary_label\">E-mail\n\t\t<span class=\"frm_required\" aria-hidden=\"true\">*<\/span>\n\t<\/label>\n\t<input type=\"email\" id=\"field_3rxf\" name=\"item_meta[71]\" value=\"\"  data-reqmsg=\"E-mail ne peut pas \u00eatre vide.\" aria-required=\"true\" data-invmsg=\"E-mail est non valide\" aria-invalid=\"false\"  \/>\n\t\n\t\n<\/div>\n<div id=\"frm_field_83_container\" class=\"frm_form_field form-field  frm_required_field frm_top_container\">\n\t<label for=\"field_s35yq\" id=\"field_s35yq_label\" class=\"frm_primary_label\">Adresse\n\t\t<span class=\"frm_required\" aria-hidden=\"true\">*<\/span>\n\t<\/label>\n\t<input type=\"text\" id=\"field_s35yq\" name=\"item_meta[83]\" value=\"\"  data-reqmsg=\"Adresse ne peut pas \u00eatre vide.\" aria-required=\"true\" data-invmsg=\"Adresse est non valide\" aria-invalid=\"false\"  \/>\n\t\n\t\n<\/div>\n<div id=\"frm_field_73_container\" class=\"frm_form_field form-field  frm_required_field frm_top_container frm6 frm_first\">\n\t<label for=\"field_qj3ox\" id=\"field_qj3ox_label\" class=\"frm_primary_label\">Elastique Noir nombre:\n\t\t<span class=\"frm_required\" aria-hidden=\"true\">*<\/span>\n\t<\/label>\n\t\t\t<select name=\"item_meta[73]\" id=\"field_qj3ox\"  data-reqmsg=\"Elastique Noir nombre: ne peut pas \u00eatre vide.\" aria-required=\"true\" data-invmsg=\"Elastique Noir nombre: est non valide\" aria-invalid=\"false\"  >\n\t\t<option  value=\"1\">1<\/option><option  value=\"2\">2<\/option><option  value=\"3\">3<\/option><option  value=\"4\">4<\/option><option  value=\"5\">5<\/option>\t<\/select>\n\t\n\t\n\t\n<\/div>\n<div id=\"frm_field_74_container\" class=\"frm_form_field form-field  frm_required_field frm_top_container frm6\">\n\t<label for=\"field_f99cw\" id=\"field_f99cw_label\" class=\"frm_primary_label\">Elastique Rouge nombre:\n\t\t<span class=\"frm_required\" aria-hidden=\"true\">*<\/span>\n\t<\/label>\n\t\t\t<select name=\"item_meta[74]\" id=\"field_f99cw\"  data-reqmsg=\"Elastique Rouge nombre: ne peut pas \u00eatre vide.\" aria-required=\"true\" data-invmsg=\"Elastique Rouge nombre: est non valide\" aria-invalid=\"false\"  >\n\t\t<option  value=\"1\">1<\/option><option  value=\"2\">2<\/option><option  value=\"3\">3<\/option><option  value=\"4\">4<\/option><option  value=\"5\">5<\/option>\t<\/select>\n\t\n\t\n\t\n<\/div>\n<div id=\"frm_field_69_container\" class=\"frm_form_field form-field \">\n\t<div class=\"frm_submit frm_flex\">\n<button class=\"frm_button_submit\" type=\"submit\"  >Envoyer<\/button>\n\n\n\n<\/div>\n<\/div>\n\t<input type=\"hidden\" name=\"item_key\" value=\"\" \/>\n\t\t\t<div id=\"frm_field_86_container\">\n\t\t\t<label for=\"field_pbzvv\" >\n\t\t\t\tIf you are human, leave this field blank.\t\t\t<\/label>\n\t\t\t<input  id=\"field_pbzvv\" type=\"text\" class=\"frm_form_field form-field frm_verify\" name=\"item_meta[86]\" value=\"\"  \/>\n\t\t<\/div>\n\t\t<input name=\"frm_state\" type=\"hidden\" value=\"qDxoenpYoqhztYuyN0lSb0VX0Cd8W5gwrdlz0H7O1o4=\" \/><\/div>\n<\/fieldset>\n<\/div>\n\n<\/form>\n<\/div>\n\t\t\t\t<\/div>\n\t\t\t\t<\/div>\n\t\t\t\t\t<\/div>\n\t\t\t\t<\/div>\n\t\t<div class=\"elementor-element elementor-element-397067c e-flex e-con-boxed e-con e-parent\" data-id=\"397067c\" data-element_type=\"container\">\n\t\t\t\t\t<div class=\"e-con-inner\">\n\t\t\t\t<div class=\"elementor-element elementor-element-d743366 elementor-widget-divider--separator-type-pattern elementor-widget-divider--no-spacing elementor-widget-divider--view-line elementor-widget elementor-widget-divider\" data-id=\"d743366\" data-element_type=\"widget\" data-widget_type=\"divider.default\">\n\t\t\t\t\t\t\t<div class=\"elementor-divider\" style=\"--divider-pattern-url: url(&quot;data:image\/svg+xml,%3Csvg xmlns=&#039;http:\/\/www.w3.org\/2000\/svg&#039; preserveAspectRatio=&#039;none&#039; overflow=&#039;visible&#039; height=&#039;100%&#039; viewBox=&#039;0 0 24 24&#039; fill=&#039;black&#039; stroke=&#039;none&#039;%3E%3Cpath d=&#039;M24,8v12H0V8H24z M24,4v1H0V4H24z&#039;\/%3E%3C\/svg%3E&quot;);\">\n\t\t\t<span class=\"elementor-divider-separator\">\n\t\t\t\t\t\t<\/span>\n\t\t<\/div>\n\t\t\t\t\t\t<\/div>\n\t\t\t\t\t<\/div>\n\t\t\t\t<\/div>\n\t\t\t\t<\/div>\n\t\t","protected":false},"excerpt":{"rendered":"<p>Masque + 1 visi\u00e8re transparente 50\u20ac Masque Nom Pr\u00e9nom * Nom Pr\u00e9nom Pr\u00e9nom Pr\u00e9nom Nom Nom T\u00e9l\u00e9phone * E-mail * Adresse * Elastique Noir nombre: * 12345 Elastique Rouge nombre: * 12345 Envoyer Si vous \u00eates un humain, ne remplissez pas ce champ.<\/p>\n","protected":false},"author":1,"featured_media":0,"parent":0,"menu_order":0,"comment_status":"closed","ping_status":"closed","template":"","meta":{"ocean_post_layout":"","ocean_both_sidebars_style":"","ocean_both_sidebars_content_width":0,"ocean_both_sidebars_sidebars_width":0,"ocean_sidebar":"","ocean_second_sidebar":"","ocean_disable_margins":"enable","ocean_add_body_class":"","ocean_shortcode_before_top_bar":"","ocean_shortcode_after_top_bar":"","ocean_shortcode_before_header":"","ocean_shortcode_after_header":"","ocean_has_shortcode":"","ocean_shortcode_after_title":"","ocean_shortcode_before_footer_widgets":"","ocean_shortcode_after_footer_widgets":"","ocean_shortcode_before_footer_bottom":"","ocean_shortcode_after_footer_bottom":"","ocean_display_top_bar":"default","ocean_display_header":"default","ocean_header_style":"","ocean_center_header_left_menu":"","ocean_custom_header_template":"","ocean_custom_logo":0,"ocean_custom_retina_logo":0,"ocean_custom_logo_max_width":0,"ocean_custom_logo_tablet_max_width":0,"ocean_custom_logo_mobile_max_width":0,"ocean_custom_logo_max_height":0,"ocean_custom_logo_tablet_max_height":0,"ocean_custom_logo_mobile_max_height":0,"ocean_header_custom_menu":"","ocean_menu_typo_font_family":"","ocean_menu_typo_font_subset":"","ocean_menu_typo_font_size":0,"ocean_menu_typo_font_size_tablet":0,"ocean_menu_typo_font_size_mobile":0,"ocean_menu_typo_font_size_unit":"px","ocean_menu_typo_font_weight":"","ocean_menu_typo_font_weight_tablet":"","ocean_menu_typo_font_weight_mobile":"","ocean_menu_typo_transform":"","ocean_menu_typo_transform_tablet":"","ocean_menu_typo_transform_mobile":"","ocean_menu_typo_line_height":0,"ocean_menu_typo_line_height_tablet":0,"ocean_menu_typo_line_height_mobile":0,"ocean_menu_typo_line_height_unit":"","ocean_menu_typo_spacing":0,"ocean_menu_typo_spacing_tablet":0,"ocean_menu_typo_spacing_mobile":0,"ocean_menu_typo_spacing_unit":"","ocean_menu_link_color":"","ocean_menu_link_color_hover":"","ocean_menu_link_color_active":"","ocean_menu_link_background":"","ocean_menu_link_hover_background":"","ocean_menu_link_active_background":"","ocean_menu_social_links_bg":"","ocean_menu_social_hover_links_bg":"","ocean_menu_social_links_color":"","ocean_menu_social_hover_links_color":"","ocean_disable_title":"on","ocean_disable_heading":"default","ocean_post_title":"","ocean_post_subheading":"","ocean_post_title_style":"","ocean_post_title_background_color":"","ocean_post_title_background":0,"ocean_post_title_bg_image_position":"","ocean_post_title_bg_image_attachment":"","ocean_post_title_bg_image_repeat":"","ocean_post_title_bg_image_size":"","ocean_post_title_height":0,"ocean_post_title_bg_overlay":0.5,"ocean_post_title_bg_overlay_color":"","ocean_disable_breadcrumbs":"default","ocean_breadcrumbs_color":"","ocean_breadcrumbs_separator_color":"","ocean_breadcrumbs_links_color":"","ocean_breadcrumbs_links_hover_color":"","ocean_display_footer_widgets":"default","ocean_display_footer_bottom":"default","ocean_custom_footer_template":"","footnotes":""},"class_list":["post-15","page","type-page","status-publish","hentry","entry"],"yoast_head":"<!-- This site is optimized with the Yoast SEO plugin v26.3 - https:\/\/yoast.com\/wordpress\/plugins\/seo\/ -->\n<title>Boutique - WordPress<\/title>\n<meta name=\"robots\" content=\"index, follow, max-snippet:-1, max-image-preview:large, max-video-preview:-1\" \/>\n<link rel=\"canonical\" href=\"https:\/\/www.itstimetoride.be\/index.php\/boutique\/\" \/>\n<meta property=\"og:locale\" content=\"fr_FR\" \/>\n<meta property=\"og:type\" content=\"article\" \/>\n<meta property=\"og:title\" content=\"Boutique - WordPress\" \/>\n<meta property=\"og:description\" content=\"Masque + 1 visi\u00e8re transparente 50\u20ac Masque Nom Pr\u00e9nom * Nom Pr\u00e9nom Pr\u00e9nom Pr\u00e9nom Nom Nom T\u00e9l\u00e9phone * E-mail * Adresse * Elastique Noir nombre: * 12345 Elastique Rouge nombre: * 12345 Envoyer Si vous \u00eates un humain, ne remplissez pas ce champ.\" \/>\n<meta property=\"og:url\" content=\"https:\/\/www.itstimetoride.be\/index.php\/boutique\/\" \/>\n<meta property=\"og:site_name\" content=\"WordPress\" \/>\n<meta property=\"article:modified_time\" content=\"2025-10-31T18:39:09+00:00\" \/>\n<meta property=\"og:image\" content=\"http:\/\/www.itstimetoride.be\/wp-content\/uploads\/2025\/10\/1760463169175-225x300.jpg\" \/>\n<meta name=\"twitter:card\" content=\"summary_large_image\" \/>\n<meta name=\"twitter:label1\" content=\"Dur\u00e9e de lecture est.\" \/>\n\t<meta name=\"twitter:data1\" content=\"1 minute\" \/>\n<script type=\"application\/ld+json\" class=\"yoast-schema-graph\">{\"@context\":\"https:\/\/schema.org\",\"@graph\":[{\"@type\":\"WebPage\",\"@id\":\"https:\/\/www.itstimetoride.be\/index.php\/boutique\/\",\"url\":\"https:\/\/www.itstimetoride.be\/index.php\/boutique\/\",\"name\":\"Boutique - WordPress\",\"isPartOf\":{\"@id\":\"https:\/\/www.itstimetoride.be\/#website\"},\"primaryImageOfPage\":{\"@id\":\"https:\/\/www.itstimetoride.be\/index.php\/boutique\/#primaryimage\"},\"image\":{\"@id\":\"https:\/\/www.itstimetoride.be\/index.php\/boutique\/#primaryimage\"},\"thumbnailUrl\":\"http:\/\/www.itstimetoride.be\/wp-content\/uploads\/2025\/10\/1760463169175-225x300.jpg\",\"datePublished\":\"2025-10-03T17:10:48+00:00\",\"dateModified\":\"2025-10-31T18:39:09+00:00\",\"breadcrumb\":{\"@id\":\"https:\/\/www.itstimetoride.be\/index.php\/boutique\/#breadcrumb\"},\"inLanguage\":\"fr-BE\",\"potentialAction\":[{\"@type\":\"ReadAction\",\"target\":[\"https:\/\/www.itstimetoride.be\/index.php\/boutique\/\"]}]},{\"@type\":\"ImageObject\",\"inLanguage\":\"fr-BE\",\"@id\":\"https:\/\/www.itstimetoride.be\/index.php\/boutique\/#primaryimage\",\"url\":\"https:\/\/www.itstimetoride.be\/wp-content\/uploads\/2025\/10\/1760463169175-scaled.jpg\",\"contentUrl\":\"https:\/\/www.itstimetoride.be\/wp-content\/uploads\/2025\/10\/1760463169175-scaled.jpg\",\"width\":1920,\"height\":2560},{\"@type\":\"BreadcrumbList\",\"@id\":\"https:\/\/www.itstimetoride.be\/index.php\/boutique\/#breadcrumb\",\"itemListElement\":[{\"@type\":\"ListItem\",\"position\":1,\"name\":\"Accueil\",\"item\":\"https:\/\/www.itstimetoride.be\/\"},{\"@type\":\"ListItem\",\"position\":2,\"name\":\"Boutique\"}]},{\"@type\":\"WebSite\",\"@id\":\"https:\/\/www.itstimetoride.be\/#website\",\"url\":\"https:\/\/www.itstimetoride.be\/\",\"name\":\"itstimetoride.be\",\"description\":\"\",\"publisher\":{\"@id\":\"https:\/\/www.itstimetoride.be\/#organization\"},\"potentialAction\":[{\"@type\":\"SearchAction\",\"target\":{\"@type\":\"EntryPoint\",\"urlTemplate\":\"https:\/\/www.itstimetoride.be\/?s={search_term_string}\"},\"query-input\":{\"@type\":\"PropertyValueSpecification\",\"valueRequired\":true,\"valueName\":\"search_term_string\"}}],\"inLanguage\":\"fr-BE\"},{\"@type\":\"Organization\",\"@id\":\"https:\/\/www.itstimetoride.be\/#organization\",\"name\":\"itstimetoride.be\",\"url\":\"https:\/\/www.itstimetoride.be\/\",\"logo\":{\"@type\":\"ImageObject\",\"inLanguage\":\"fr-BE\",\"@id\":\"https:\/\/www.itstimetoride.be\/#\/schema\/logo\/image\/\",\"url\":\"https:\/\/www.itstimetoride.be\/wp-content\/uploads\/2025\/10\/cropped-Logo-sans-fond-blanc.png\",\"contentUrl\":\"https:\/\/www.itstimetoride.be\/wp-content\/uploads\/2025\/10\/cropped-Logo-sans-fond-blanc.png\",\"width\":1023,\"height\":361,\"caption\":\"itstimetoride.be\"},\"image\":{\"@id\":\"https:\/\/www.itstimetoride.be\/#\/schema\/logo\/image\/\"}}]}<\/script>\n<!-- \/ Yoast SEO plugin. -->","yoast_head_json":{"title":"Boutique - WordPress","robots":{"index":"index","follow":"follow","max-snippet":"max-snippet:-1","max-image-preview":"max-image-preview:large","max-video-preview":"max-video-preview:-1"},"canonical":"https:\/\/www.itstimetoride.be\/index.php\/boutique\/","og_locale":"fr_FR","og_type":"article","og_title":"Boutique - WordPress","og_description":"Masque + 1 visi\u00e8re transparente 50\u20ac Masque Nom Pr\u00e9nom * Nom Pr\u00e9nom Pr\u00e9nom Pr\u00e9nom Nom Nom T\u00e9l\u00e9phone * E-mail * Adresse * Elastique Noir nombre: * 12345 Elastique Rouge nombre: * 12345 Envoyer Si vous \u00eates un humain, ne remplissez pas ce champ.","og_url":"https:\/\/www.itstimetoride.be\/index.php\/boutique\/","og_site_name":"WordPress","article_modified_time":"2025-10-31T18:39:09+00:00","og_image":[{"url":"http:\/\/www.itstimetoride.be\/wp-content\/uploads\/2025\/10\/1760463169175-225x300.jpg","type":"","width":"","height":""}],"twitter_card":"summary_large_image","twitter_misc":{"Dur\u00e9e de lecture est.":"1 minute"},"schema":{"@context":"https:\/\/schema.org","@graph":[{"@type":"WebPage","@id":"https:\/\/www.itstimetoride.be\/index.php\/boutique\/","url":"https:\/\/www.itstimetoride.be\/index.php\/boutique\/","name":"Boutique - WordPress","isPartOf":{"@id":"https:\/\/www.itstimetoride.be\/#website"},"primaryImageOfPage":{"@id":"https:\/\/www.itstimetoride.be\/index.php\/boutique\/#primaryimage"},"image":{"@id":"https:\/\/www.itstimetoride.be\/index.php\/boutique\/#primaryimage"},"thumbnailUrl":"http:\/\/www.itstimetoride.be\/wp-content\/uploads\/2025\/10\/1760463169175-225x300.jpg","datePublished":"2025-10-03T17:10:48+00:00","dateModified":"2025-10-31T18:39:09+00:00","breadcrumb":{"@id":"https:\/\/www.itstimetoride.be\/index.php\/boutique\/#breadcrumb"},"inLanguage":"fr-BE","potentialAction":[{"@type":"ReadAction","target":["https:\/\/www.itstimetoride.be\/index.php\/boutique\/"]}]},{"@type":"ImageObject","inLanguage":"fr-BE","@id":"https:\/\/www.itstimetoride.be\/index.php\/boutique\/#primaryimage","url":"https:\/\/www.itstimetoride.be\/wp-content\/uploads\/2025\/10\/1760463169175-scaled.jpg","contentUrl":"https:\/\/www.itstimetoride.be\/wp-content\/uploads\/2025\/10\/1760463169175-scaled.jpg","width":1920,"height":2560},{"@type":"BreadcrumbList","@id":"https:\/\/www.itstimetoride.be\/index.php\/boutique\/#breadcrumb","itemListElement":[{"@type":"ListItem","position":1,"name":"Accueil","item":"https:\/\/www.itstimetoride.be\/"},{"@type":"ListItem","position":2,"name":"Boutique"}]},{"@type":"WebSite","@id":"https:\/\/www.itstimetoride.be\/#website","url":"https:\/\/www.itstimetoride.be\/","name":"itstimetoride.be","description":"","publisher":{"@id":"https:\/\/www.itstimetoride.be\/#organization"},"potentialAction":[{"@type":"SearchAction","target":{"@type":"EntryPoint","urlTemplate":"https:\/\/www.itstimetoride.be\/?s={search_term_string}"},"query-input":{"@type":"PropertyValueSpecification","valueRequired":true,"valueName":"search_term_string"}}],"inLanguage":"fr-BE"},{"@type":"Organization","@id":"https:\/\/www.itstimetoride.be\/#organization","name":"itstimetoride.be","url":"https:\/\/www.itstimetoride.be\/","logo":{"@type":"ImageObject","inLanguage":"fr-BE","@id":"https:\/\/www.itstimetoride.be\/#\/schema\/logo\/image\/","url":"https:\/\/www.itstimetoride.be\/wp-content\/uploads\/2025\/10\/cropped-Logo-sans-fond-blanc.png","contentUrl":"https:\/\/www.itstimetoride.be\/wp-content\/uploads\/2025\/10\/cropped-Logo-sans-fond-blanc.png","width":1023,"height":361,"caption":"itstimetoride.be"},"image":{"@id":"https:\/\/www.itstimetoride.be\/#\/schema\/logo\/image\/"}}]}},"_links":{"self":[{"href":"https:\/\/www.itstimetoride.be\/index.php\/wp-json\/wp\/v2\/pages\/15","targetHints":{"allow":["GET"]}}],"collection":[{"href":"https:\/\/www.itstimetoride.be\/index.php\/wp-json\/wp\/v2\/pages"}],"about":[{"href":"https:\/\/www.itstimetoride.be\/index.php\/wp-json\/wp\/v2\/types\/page"}],"author":[{"embeddable":true,"href":"https:\/\/www.itstimetoride.be\/index.php\/wp-json\/wp\/v2\/users\/1"}],"replies":[{"embeddable":true,"href":"https:\/\/www.itstimetoride.be\/index.php\/wp-json\/wp\/v2\/comments?post=15"}],"version-history":[{"count":17,"href":"https:\/\/www.itstimetoride.be\/index.php\/wp-json\/wp\/v2\/pages\/15\/revisions"}],"predecessor-version":[{"id":876,"href":"https:\/\/www.itstimetoride.be\/index.php\/wp-json\/wp\/v2\/pages\/15\/revisions\/876"}],"wp:attachment":[{"href":"https:\/\/www.itstimetoride.be\/index.php\/wp-json\/wp\/v2\/media?parent=15"}],"curies":[{"name":"wp","href":"https:\/\/api.w.org\/{rel}","templated":true}]}}