{"id":440,"date":"2025-10-15T18:40:16","date_gmt":"2025-10-15T18:40:16","guid":{"rendered":"http:\/\/lxbigvn.cluster100.hosting.ovh.net\/?page_id=440"},"modified":"2025-10-18T04:30:33","modified_gmt":"2025-10-18T04:30:33","slug":"inscription-la-truffiere-2026","status":"publish","type":"page","link":"https:\/\/www.itstimetoride.be\/index.php\/inscription-la-truffiere-2026\/","title":{"rendered":"Inscription La Truffi\u00e8re 2026"},"content":{"rendered":"\t\t<div data-elementor-type=\"wp-page\" data-elementor-id=\"440\" class=\"elementor elementor-440\">\n\t\t\t\t<div class=\"elementor-element elementor-element-9adbb0a e-flex e-con-boxed e-con e-parent\" data-id=\"9adbb0a\" data-element_type=\"container\">\n\t\t\t\t\t<div class=\"e-con-inner\">\n\t\t\t\t<div class=\"elementor-element elementor-element-453c21b elementor-widget elementor-widget-menu-anchor\" data-id=\"453c21b\" data-element_type=\"widget\" data-widget_type=\"menu-anchor.default\">\n\t\t\t\t\t\t\t<div class=\"elementor-menu-anchor\" id=\"InscriptionLaTruffire206\"><\/div>\n\t\t\t\t\t\t<\/div>\n\t\t\t\t\t<\/div>\n\t\t\t\t<\/div>\n\t\t<div class=\"elementor-element elementor-element-0ded63a e-flex e-con-boxed e-con e-parent\" data-id=\"0ded63a\" data-element_type=\"container\">\n\t\t\t\t\t<div class=\"e-con-inner\">\n\t\t\t\t<div class=\"elementor-element elementor-element-14916b9 elementor-widget elementor-widget-heading\" data-id=\"14916b9\" data-element_type=\"widget\" data-widget_type=\"heading.default\">\n\t\t\t\t\t<h2 class=\"elementor-heading-title elementor-size-default\">Inscription La Truffi\u00e8re 2026<\/h2>\t\t\t\t<\/div>\n\t\t\t\t\t<\/div>\n\t\t\t\t<\/div>\n\t\t<div class=\"elementor-element elementor-element-2ca8b62 e-flex e-con-boxed e-con e-parent\" data-id=\"2ca8b62\" data-element_type=\"container\">\n\t\t\t\t\t<div class=\"e-con-inner\">\n\t\t\t\t<div class=\"elementor-element elementor-element-edc7941 elementor-widget elementor-widget-formidable\" data-id=\"edc7941\" data-element_type=\"widget\" data-widget_type=\"formidable.default\">\n\t\t\t\t<div class=\"elementor-widget-container\">\n\t\t\t\t\t<div class=\"frm_forms  with_frm_style frm_style_style-formidable\" id=\"frm_form_4_container\" data-token=\"036097be02316d0264589b8eb2ff46ef\">\n<form enctype=\"multipart\/form-data\" method=\"post\" class=\"frm-show-form \" id=\"form_hhw2o\" data-token=\"036097be02316d0264589b8eb2ff46ef\">\n<div class=\"frm_form_fields \">\n<fieldset>\n<legend class=\"frm_screen_reader\">Inscription La Truffi\u00e8re 2026<\/legend>\r\n\r\n<div class=\"frm_fields_container\">\n<input type=\"hidden\" name=\"frm_action\" value=\"create\" \/>\n<input type=\"hidden\" name=\"form_id\" value=\"4\" \/>\n<input type=\"hidden\" name=\"frm_hide_fields_4\" id=\"frm_hide_fields_4\" value=\"\" \/>\n<input type=\"hidden\" name=\"form_key\" value=\"hhw2o\" \/>\n<input type=\"hidden\" name=\"item_meta[0]\" value=\"\" \/>\n<input type=\"hidden\" id=\"frm_submit_entry_4\" name=\"frm_submit_entry_4\" value=\"0cf7b16587\" \/><input type=\"hidden\" name=\"_wp_http_referer\" value=\"\/index.php\/wp-json\/wp\/v2\/pages\/440\" \/><div id=\"frm_field_40_container\" class=\"frm_form_field form-field  frm_required_field frm_top_container\">\n\t<div  id=\"field_rmy8u_label\" class=\"frm_primary_label\">Pilote\n\t\t<span class=\"frm_required\" aria-hidden=\"true\">*<\/span>\n\t<\/div>\n\t<fieldset aria-labelledby=\"field_rmy8u_label\">\n\t<legend class=\"frm_screen_reader frm_hidden\">\n\t\tPilote\t<\/legend>\n\n\t<div  class=\"frm_combo_inputs_container\" id=\"frm_combo_inputs_container_40\" data-name-layout=\"first_last\">\n\t\t\t\t\t<div\n\t\t\t\tid=\"frm_field_40-first_container\"\n\t\t\t\tclass=\"frm_form_field form-field frm_form_subfield-first  frm6\"\n\t\t\t\tdata-sub-field-name=\"first\"\n\t\t\t>\n\t\t\t\t<label for=\"field_rmy8u_first\" class=\"frm_screen_reader frm_hidden\">\n\t\t\t\t\tPr\u00e9nom\t\t\t\t<\/label>\n\n\t\t\t\t<input  type=\"text\" id=\"field_rmy8u_first\" value=\"\" name=\"item_meta[40][first]\" data-reqmsg=\"Pilote ne peut pas \u00eatre vide.\" aria-required=\"true\" data-invmsg=\"Pilote is invalid\" aria-invalid=\"false\"  \/><div class=\"frm_description\" id=\"frm_field_40_first_desc\">Pr\u00e9nom<\/div>\t\t\t<\/div>\n\t\t\t\t\t\t<div\n\t\t\t\tid=\"frm_field_40-last_container\"\n\t\t\t\tclass=\"frm_form_field form-field frm_form_subfield-last  frm6\"\n\t\t\t\tdata-sub-field-name=\"last\"\n\t\t\t>\n\t\t\t\t<label for=\"field_rmy8u_last\" class=\"frm_screen_reader frm_hidden\">\n\t\t\t\t\tNom\t\t\t\t<\/label>\n\n\t\t\t\t<input  type=\"text\" id=\"field_rmy8u_last\" value=\"\" name=\"item_meta[40][last]\" data-reqmsg=\"Pilote ne peut pas \u00eatre vide.\" aria-required=\"true\" data-invmsg=\"Pilote is invalid\" aria-invalid=\"false\"  \/><div class=\"frm_description\" id=\"frm_field_40_last_desc\">Nom<\/div>\t\t\t<\/div>\n\t\t\t\t<\/div>\n<\/fieldset>\n\n\t\n\t\n<\/div>\n<div id=\"frm_field_41_container\" class=\"frm_form_field form-field  frm_required_field frm_top_container frm6 frm_first\">\n\t<label for=\"field_1bghw\" id=\"field_1bghw_label\" class=\"frm_primary_label\">Adresse\n\t\t<span class=\"frm_required\" aria-hidden=\"true\">*<\/span>\n\t<\/label>\n\t<input type=\"text\" id=\"field_1bghw\" name=\"item_meta[41]\" value=\"\"  data-reqmsg=\"Adresse ne peut pas \u00eatre vide.\" aria-required=\"true\" data-invmsg=\"Adresse est non valide\" aria-invalid=\"false\"  \/>\n\t\n\t\n<\/div>\n<div id=\"frm_field_42_container\" class=\"frm_form_field form-field  frm_required_field frm_top_container frm6\">\n\t<label for=\"field_qbntw\" id=\"field_qbntw_label\" class=\"frm_primary_label\">Ville\n\t\t<span class=\"frm_required\" aria-hidden=\"true\">*<\/span>\n\t<\/label>\n\t<input type=\"text\" id=\"field_qbntw\" name=\"item_meta[42]\" value=\"\"  data-reqmsg=\"Ville ne peut pas \u00eatre vide.\" aria-required=\"true\" data-invmsg=\"Ville est non valide\" aria-invalid=\"false\"  \/>\n\t\n\t\n<\/div>\n<div id=\"frm_field_43_container\" class=\"frm_form_field form-field  frm_required_field frm_top_container frm3 frm_first\">\n\t<label for=\"field_vekou\" id=\"field_vekou_label\" class=\"frm_primary_label\">Pays\n\t\t<span class=\"frm_required\" aria-hidden=\"true\">*<\/span>\n\t<\/label>\n\t<input type=\"text\" id=\"field_vekou\" name=\"item_meta[43]\" value=\"\"  data-reqmsg=\"Pays ne peut pas \u00eatre vide.\" aria-required=\"true\" data-invmsg=\"Pays est non valide\" aria-invalid=\"false\"  \/>\n\t\n\t\n<\/div>\n<div id=\"frm_field_51_container\" class=\"frm_form_field form-field  frm_required_field frm_top_container frm3\">\n\t<label for=\"field_ptgcf\" id=\"field_ptgcf_label\" class=\"frm_primary_label\">Type de moto\n\t\t<span class=\"frm_required\" aria-hidden=\"true\">*<\/span>\n\t<\/label>\n\t\t\t<select name=\"item_meta[51]\" id=\"field_ptgcf\"  data-reqmsg=\"Type de moto ne peut pas \u00eatre vide.\" aria-required=\"true\" data-invmsg=\"Type de moto est non valide\" aria-invalid=\"false\"  >\n\t\t<option  value=\"Enduro\">Enduro<\/option><option  value=\"Trail\">Trail<\/option><option  value=\"Routi\u00e8re\">Routi\u00e8re<\/option>\t<\/select>\n\t\n\t\n\t\n<\/div>\n<div id=\"frm_field_52_container\" class=\"frm_form_field form-field  frm_required_field frm_top_container frm3\">\n\t<label for=\"field_b9908\" id=\"field_b9908_label\" class=\"frm_primary_label\">Marque \n\t\t<span class=\"frm_required\" aria-hidden=\"true\">*<\/span>\n\t<\/label>\n\t<input type=\"text\" id=\"field_b9908\" name=\"item_meta[52]\" value=\"\"  data-reqmsg=\"Marque  ne peut pas \u00eatre vide.\" aria-required=\"true\" data-invmsg=\"Marque  est non valide\" aria-invalid=\"false\"  \/>\n\t\n\t\n<\/div>\n<div id=\"frm_field_53_container\" class=\"frm_form_field form-field  frm_required_field frm_top_container frm3\">\n\t<label for=\"field_ra4m3\" id=\"field_ra4m3_label\" class=\"frm_primary_label\">Immatriculation\n\t\t<span class=\"frm_required\" aria-hidden=\"true\">*<\/span>\n\t<\/label>\n\t<input type=\"text\" id=\"field_ra4m3\" name=\"item_meta[53]\" value=\"\"  data-reqmsg=\"Immatriculation ne peut pas \u00eatre vide.\" aria-required=\"true\" data-invmsg=\"Immatriculation est non valide\" aria-invalid=\"false\"  \/>\n\t\n\t\n<\/div>\n<div id=\"frm_field_45_container\" class=\"frm_form_field form-field  frm_required_field frm_top_container frm6 frm_first\">\n\t<label for=\"field_qzdn3\" id=\"field_qzdn3_label\" class=\"frm_primary_label\">E-mail\n\t\t<span class=\"frm_required\" aria-hidden=\"true\">*<\/span>\n\t<\/label>\n\t<input type=\"email\" id=\"field_qzdn3\" name=\"item_meta[45]\" value=\"\"  data-reqmsg=\"E-mail ne peut pas \u00eatre vide.\" aria-required=\"true\" data-invmsg=\"E-mail est non valide\" aria-invalid=\"false\"  \/>\n\t\n\t\n<\/div>\n<div id=\"frm_field_44_container\" class=\"frm_form_field form-field  frm_required_field frm_top_container frm6\">\n\t<label for=\"field_4ubdf\" id=\"field_4ubdf_label\" class=\"frm_primary_label\">T\u00e9l\u00e9phone\n\t\t<span class=\"frm_required\" aria-hidden=\"true\">*<\/span>\n\t<\/label>\n\t<input type=\"tel\" id=\"field_4ubdf\" name=\"item_meta[44]\" value=\"\"  data-reqmsg=\"T\u00e9l\u00e9phone ne peut pas \u00eatre vide.\" aria-required=\"true\" data-invmsg=\"T\u00e9l\u00e9phone est non valide\" aria-invalid=\"false\" pattern=\"((\\+\\d{1,3}(-|.| )?\\(?\\d\\)?(-| |.)?\\d{1,5})|(\\(?\\d{2,6}\\)?))(-|.| )?(\\d{3,4})(-|.| )?(\\d{4})(( x| ext)\\d{1,5}){0,1}$\"  \/>\n\t\n\t\n<\/div>\n<div id=\"frm_field_49_container\" class=\"frm_form_field form-field  frm_required_field frm_top_container frm6 frm_first vertical_radio\">\n\t<div  id=\"field_3x3o9_label\" class=\"frm_primary_label\">Cases \u00e0 cocher\n\t\t<span class=\"frm_required\" aria-hidden=\"true\">*<\/span>\n\t<\/div>\n\t<div class=\"frm_opt_container\" aria-labelledby=\"field_3x3o9_label\" role=\"group\">\t\t<div class=\"frm_checkbox\" id=\"frm_checkbox_49-0\">\t\t\t<label  for=\"field_3x3o9-0\">\n\t\t\t<input type=\"checkbox\" name=\"item_meta[49][]\" id=\"field_3x3o9-0\" value=\"J\u2019ai lu et j\u2019accepte les &lt;a href=&quot;https:\/\/www.itstimetoride.be\/index.php\/conditions-generales-de-participation\/&quot; target=&quot;_blank&quot;&gt;Conditions G\u00e9n\u00e9rales de Participation&lt;\/a&gt;.\"  data-reqmsg=\"Cases \u00e0 cocher ne peut pas \u00eatre vide.\" data-invmsg=\"Cases \u00e0 cocher est non valide\"   aria-required=\"true\"  \/> J\u2019ai lu et j\u2019accepte les <a href=\"https:\/\/www.itstimetoride.be\/index.php\/conditions-generales-de-participation\/\" target=\"_blank\">Conditions G\u00e9n\u00e9rales de Participation<\/a>.<\/label><\/div>\n<\/div>\n\t\n\t\n<\/div>\n<div id=\"frm_field_37_container\" class=\"frm_form_field form-field  frm6\">\n\t<div class=\"frm_submit frm_flex\">\r\n<button class=\"frm_button_submit\" type=\"submit\"  >Envoyer<\/button>\r\n\r\n\r\n\r\n<\/div>\n<\/div>\n\t<input type=\"hidden\" name=\"item_key\" value=\"\" \/>\n\t\t\t<div id=\"frm_field_86_container\">\n\t\t\t<label for=\"field_rnahs\" >\n\t\t\t\tIf you are human, leave this field blank.\t\t\t<\/label>\n\t\t\t<input  id=\"field_rnahs\" type=\"text\" class=\"frm_form_field form-field frm_verify\" name=\"item_meta[86]\" value=\"\"  \/>\n\t\t<\/div>\n\t\t<input name=\"frm_state\" type=\"hidden\" value=\"qDxoenpYoqhztYuyN0lSb0VX0Cd8W5gwrdlz0H7O1o4=\" \/><\/div>\n<\/fieldset>\n<\/div>\n\n<\/form>\n<\/div>\n\t\t\t\t<\/div>\n\t\t\t\t<\/div>\n\t\t\t\t\t<\/div>\n\t\t\t\t<\/div>\n\t\t\t\t<\/div>\n\t\t","protected":false},"excerpt":{"rendered":"<p>Inscription La Truffi\u00e8re 2026 Inscription La Truffi\u00e8re 2026 Pilote * Pilote Pr\u00e9nom Pr\u00e9nom Nom Nom Adresse * Ville * Pays * Type de moto * TrailRouti\u00e8re Marque * Immatriculation * E-mail * T\u00e9l\u00e9phone * Cases \u00e0 cocher * Je confirme avoir lu et approuv\u00e9 les conditions g\u00e9n\u00e9rales pour cet \u00e9v\u00e9nement Envoyer Si vous \u00eates un [&hellip;]<\/p>\n","protected":false},"author":1,"featured_media":0,"parent":0,"menu_order":0,"comment_status":"closed","ping_status":"closed","template":"","meta":{"ocean_post_layout":"","ocean_both_sidebars_style":"","ocean_both_sidebars_content_width":0,"ocean_both_sidebars_sidebars_width":0,"ocean_sidebar":"","ocean_second_sidebar":"","ocean_disable_margins":"enable","ocean_add_body_class":"","ocean_shortcode_before_top_bar":"","ocean_shortcode_after_top_bar":"","ocean_shortcode_before_header":"","ocean_shortcode_after_header":"","ocean_has_shortcode":"","ocean_shortcode_after_title":"","ocean_shortcode_before_footer_widgets":"","ocean_shortcode_after_footer_widgets":"","ocean_shortcode_before_footer_bottom":"","ocean_shortcode_after_footer_bottom":"","ocean_display_top_bar":"default","ocean_display_header":"default","ocean_header_style":"","ocean_center_header_left_menu":"","ocean_custom_header_template":"","ocean_custom_logo":0,"ocean_custom_retina_logo":0,"ocean_custom_logo_max_width":0,"ocean_custom_logo_tablet_max_width":0,"ocean_custom_logo_mobile_max_width":0,"ocean_custom_logo_max_height":0,"ocean_custom_logo_tablet_max_height":0,"ocean_custom_logo_mobile_max_height":0,"ocean_header_custom_menu":"","ocean_menu_typo_font_family":"","ocean_menu_typo_font_subset":"","ocean_menu_typo_font_size":0,"ocean_menu_typo_font_size_tablet":0,"ocean_menu_typo_font_size_mobile":0,"ocean_menu_typo_font_size_unit":"px","ocean_menu_typo_font_weight":"","ocean_menu_typo_font_weight_tablet":"","ocean_menu_typo_font_weight_mobile":"","ocean_menu_typo_transform":"","ocean_menu_typo_transform_tablet":"","ocean_menu_typo_transform_mobile":"","ocean_menu_typo_line_height":0,"ocean_menu_typo_line_height_tablet":0,"ocean_menu_typo_line_height_mobile":0,"ocean_menu_typo_line_height_unit":"","ocean_menu_typo_spacing":0,"ocean_menu_typo_spacing_tablet":0,"ocean_menu_typo_spacing_mobile":0,"ocean_menu_typo_spacing_unit":"","ocean_menu_link_color":"","ocean_menu_link_color_hover":"","ocean_menu_link_color_active":"","ocean_menu_link_background":"","ocean_menu_link_hover_background":"","ocean_menu_link_active_background":"","ocean_menu_social_links_bg":"","ocean_menu_social_hover_links_bg":"","ocean_menu_social_links_color":"","ocean_menu_social_hover_links_color":"","ocean_disable_title":"on","ocean_disable_heading":"default","ocean_post_title":"","ocean_post_subheading":"","ocean_post_title_style":"","ocean_post_title_background_color":"","ocean_post_title_background":0,"ocean_post_title_bg_image_position":"","ocean_post_title_bg_image_attachment":"","ocean_post_title_bg_image_repeat":"","ocean_post_title_bg_image_size":"","ocean_post_title_height":0,"ocean_post_title_bg_overlay":0.5,"ocean_post_title_bg_overlay_color":"","ocean_disable_breadcrumbs":"default","ocean_breadcrumbs_color":"","ocean_breadcrumbs_separator_color":"","ocean_breadcrumbs_links_color":"","ocean_breadcrumbs_links_hover_color":"","ocean_display_footer_widgets":"default","ocean_display_footer_bottom":"default","ocean_custom_footer_template":"","footnotes":""},"class_list":["post-440","page","type-page","status-publish","hentry","entry"],"yoast_head":"<!-- This site is optimized with the Yoast SEO plugin v26.3 - https:\/\/yoast.com\/wordpress\/plugins\/seo\/ -->\n<title>Inscription La Truffi\u00e8re 2026 - WordPress<\/title>\n<meta name=\"robots\" content=\"index, follow, max-snippet:-1, max-image-preview:large, max-video-preview:-1\" \/>\n<link rel=\"canonical\" href=\"https:\/\/www.itstimetoride.be\/index.php\/inscription-la-truffiere-2026\/\" \/>\n<meta property=\"og:locale\" content=\"fr_FR\" \/>\n<meta property=\"og:type\" content=\"article\" \/>\n<meta property=\"og:title\" content=\"Inscription La Truffi\u00e8re 2026 - WordPress\" \/>\n<meta property=\"og:description\" content=\"Inscription La Truffi\u00e8re 2026 Inscription La Truffi\u00e8re 2026 Pilote * Pilote Pr\u00e9nom Pr\u00e9nom Nom Nom Adresse * Ville * Pays * Type de moto * TrailRouti\u00e8re Marque * Immatriculation * E-mail * T\u00e9l\u00e9phone * Cases \u00e0 cocher * Je confirme avoir lu et approuv\u00e9 les conditions g\u00e9n\u00e9rales pour cet \u00e9v\u00e9nement Envoyer Si vous \u00eates un [&hellip;]\" \/>\n<meta property=\"og:url\" content=\"https:\/\/www.itstimetoride.be\/index.php\/inscription-la-truffiere-2026\/\" \/>\n<meta property=\"og:site_name\" content=\"WordPress\" \/>\n<meta property=\"article:modified_time\" content=\"2025-10-18T04:30:33+00:00\" \/>\n<meta name=\"twitter:card\" content=\"summary_large_image\" \/>\n<meta name=\"twitter:label1\" content=\"Dur\u00e9e de lecture est.\" \/>\n\t<meta name=\"twitter:data1\" content=\"1 minute\" \/>\n<script type=\"application\/ld+json\" class=\"yoast-schema-graph\">{\"@context\":\"https:\/\/schema.org\",\"@graph\":[{\"@type\":\"WebPage\",\"@id\":\"https:\/\/www.itstimetoride.be\/index.php\/inscription-la-truffiere-2026\/\",\"url\":\"https:\/\/www.itstimetoride.be\/index.php\/inscription-la-truffiere-2026\/\",\"name\":\"Inscription La Truffi\u00e8re 2026 - WordPress\",\"isPartOf\":{\"@id\":\"https:\/\/www.itstimetoride.be\/#website\"},\"datePublished\":\"2025-10-15T18:40:16+00:00\",\"dateModified\":\"2025-10-18T04:30:33+00:00\",\"breadcrumb\":{\"@id\":\"https:\/\/www.itstimetoride.be\/index.php\/inscription-la-truffiere-2026\/#breadcrumb\"},\"inLanguage\":\"fr-BE\",\"potentialAction\":[{\"@type\":\"ReadAction\",\"target\":[\"https:\/\/www.itstimetoride.be\/index.php\/inscription-la-truffiere-2026\/\"]}]},{\"@type\":\"BreadcrumbList\",\"@id\":\"https:\/\/www.itstimetoride.be\/index.php\/inscription-la-truffiere-2026\/#breadcrumb\",\"itemListElement\":[{\"@type\":\"ListItem\",\"position\":1,\"name\":\"Accueil\",\"item\":\"https:\/\/www.itstimetoride.be\/\"},{\"@type\":\"ListItem\",\"position\":2,\"name\":\"Inscription La Truffi\u00e8re 2026\"}]},{\"@type\":\"WebSite\",\"@id\":\"https:\/\/www.itstimetoride.be\/#website\",\"url\":\"https:\/\/www.itstimetoride.be\/\",\"name\":\"itstimetoride.be\",\"description\":\"\",\"publisher\":{\"@id\":\"https:\/\/www.itstimetoride.be\/#organization\"},\"potentialAction\":[{\"@type\":\"SearchAction\",\"target\":{\"@type\":\"EntryPoint\",\"urlTemplate\":\"https:\/\/www.itstimetoride.be\/?s={search_term_string}\"},\"query-input\":{\"@type\":\"PropertyValueSpecification\",\"valueRequired\":true,\"valueName\":\"search_term_string\"}}],\"inLanguage\":\"fr-BE\"},{\"@type\":\"Organization\",\"@id\":\"https:\/\/www.itstimetoride.be\/#organization\",\"name\":\"itstimetoride.be\",\"url\":\"https:\/\/www.itstimetoride.be\/\",\"logo\":{\"@type\":\"ImageObject\",\"inLanguage\":\"fr-BE\",\"@id\":\"https:\/\/www.itstimetoride.be\/#\/schema\/logo\/image\/\",\"url\":\"https:\/\/www.itstimetoride.be\/wp-content\/uploads\/2025\/10\/cropped-Logo-sans-fond-blanc.png\",\"contentUrl\":\"https:\/\/www.itstimetoride.be\/wp-content\/uploads\/2025\/10\/cropped-Logo-sans-fond-blanc.png\",\"width\":1023,\"height\":361,\"caption\":\"itstimetoride.be\"},\"image\":{\"@id\":\"https:\/\/www.itstimetoride.be\/#\/schema\/logo\/image\/\"}}]}<\/script>\n<!-- \/ Yoast SEO plugin. -->","yoast_head_json":{"title":"Inscription La Truffi\u00e8re 2026 - WordPress","robots":{"index":"index","follow":"follow","max-snippet":"max-snippet:-1","max-image-preview":"max-image-preview:large","max-video-preview":"max-video-preview:-1"},"canonical":"https:\/\/www.itstimetoride.be\/index.php\/inscription-la-truffiere-2026\/","og_locale":"fr_FR","og_type":"article","og_title":"Inscription La Truffi\u00e8re 2026 - WordPress","og_description":"Inscription La Truffi\u00e8re 2026 Inscription La Truffi\u00e8re 2026 Pilote * Pilote Pr\u00e9nom Pr\u00e9nom Nom Nom Adresse * Ville * Pays * Type de moto * TrailRouti\u00e8re Marque * Immatriculation * E-mail * T\u00e9l\u00e9phone * Cases \u00e0 cocher * Je confirme avoir lu et approuv\u00e9 les conditions g\u00e9n\u00e9rales pour cet \u00e9v\u00e9nement Envoyer Si vous \u00eates un [&hellip;]","og_url":"https:\/\/www.itstimetoride.be\/index.php\/inscription-la-truffiere-2026\/","og_site_name":"WordPress","article_modified_time":"2025-10-18T04:30:33+00:00","twitter_card":"summary_large_image","twitter_misc":{"Dur\u00e9e de lecture est.":"1 minute"},"schema":{"@context":"https:\/\/schema.org","@graph":[{"@type":"WebPage","@id":"https:\/\/www.itstimetoride.be\/index.php\/inscription-la-truffiere-2026\/","url":"https:\/\/www.itstimetoride.be\/index.php\/inscription-la-truffiere-2026\/","name":"Inscription La Truffi\u00e8re 2026 - WordPress","isPartOf":{"@id":"https:\/\/www.itstimetoride.be\/#website"},"datePublished":"2025-10-15T18:40:16+00:00","dateModified":"2025-10-18T04:30:33+00:00","breadcrumb":{"@id":"https:\/\/www.itstimetoride.be\/index.php\/inscription-la-truffiere-2026\/#breadcrumb"},"inLanguage":"fr-BE","potentialAction":[{"@type":"ReadAction","target":["https:\/\/www.itstimetoride.be\/index.php\/inscription-la-truffiere-2026\/"]}]},{"@type":"BreadcrumbList","@id":"https:\/\/www.itstimetoride.be\/index.php\/inscription-la-truffiere-2026\/#breadcrumb","itemListElement":[{"@type":"ListItem","position":1,"name":"Accueil","item":"https:\/\/www.itstimetoride.be\/"},{"@type":"ListItem","position":2,"name":"Inscription La Truffi\u00e8re 2026"}]},{"@type":"WebSite","@id":"https:\/\/www.itstimetoride.be\/#website","url":"https:\/\/www.itstimetoride.be\/","name":"itstimetoride.be","description":"","publisher":{"@id":"https:\/\/www.itstimetoride.be\/#organization"},"potentialAction":[{"@type":"SearchAction","target":{"@type":"EntryPoint","urlTemplate":"https:\/\/www.itstimetoride.be\/?s={search_term_string}"},"query-input":{"@type":"PropertyValueSpecification","valueRequired":true,"valueName":"search_term_string"}}],"inLanguage":"fr-BE"},{"@type":"Organization","@id":"https:\/\/www.itstimetoride.be\/#organization","name":"itstimetoride.be","url":"https:\/\/www.itstimetoride.be\/","logo":{"@type":"ImageObject","inLanguage":"fr-BE","@id":"https:\/\/www.itstimetoride.be\/#\/schema\/logo\/image\/","url":"https:\/\/www.itstimetoride.be\/wp-content\/uploads\/2025\/10\/cropped-Logo-sans-fond-blanc.png","contentUrl":"https:\/\/www.itstimetoride.be\/wp-content\/uploads\/2025\/10\/cropped-Logo-sans-fond-blanc.png","width":1023,"height":361,"caption":"itstimetoride.be"},"image":{"@id":"https:\/\/www.itstimetoride.be\/#\/schema\/logo\/image\/"}}]}},"_links":{"self":[{"href":"https:\/\/www.itstimetoride.be\/index.php\/wp-json\/wp\/v2\/pages\/440","targetHints":{"allow":["GET"]}}],"collection":[{"href":"https:\/\/www.itstimetoride.be\/index.php\/wp-json\/wp\/v2\/pages"}],"about":[{"href":"https:\/\/www.itstimetoride.be\/index.php\/wp-json\/wp\/v2\/types\/page"}],"author":[{"embeddable":true,"href":"https:\/\/www.itstimetoride.be\/index.php\/wp-json\/wp\/v2\/users\/1"}],"replies":[{"embeddable":true,"href":"https:\/\/www.itstimetoride.be\/index.php\/wp-json\/wp\/v2\/comments?post=440"}],"version-history":[{"count":23,"href":"https:\/\/www.itstimetoride.be\/index.php\/wp-json\/wp\/v2\/pages\/440\/revisions"}],"predecessor-version":[{"id":551,"href":"https:\/\/www.itstimetoride.be\/index.php\/wp-json\/wp\/v2\/pages\/440\/revisions\/551"}],"wp:attachment":[{"href":"https:\/\/www.itstimetoride.be\/index.php\/wp-json\/wp\/v2\/media?parent=440"}],"curies":[{"name":"wp","href":"https:\/\/api.w.org\/{rel}","templated":true}]}}