{"id":458,"date":"2025-10-16T09:40:20","date_gmt":"2025-10-16T09:40:20","guid":{"rendered":"http:\/\/lxbigvn.cluster100.hosting.ovh.net\/?page_id=458"},"modified":"2025-11-14T05:35:10","modified_gmt":"2025-11-14T05:35:10","slug":"conditions-generales-de-participation","status":"publish","type":"page","link":"https:\/\/www.itstimetoride.be\/index.php\/conditions-generales-de-participation\/","title":{"rendered":"Conditions G\u00e9n\u00e9rales de Participation"},"content":{"rendered":"\t\t<div data-elementor-type=\"wp-page\" data-elementor-id=\"458\" class=\"elementor elementor-458\">\n\t\t\t\t<div class=\"elementor-element elementor-element-21df168 e-flex e-con-boxed e-con e-parent\" data-id=\"21df168\" data-element_type=\"container\">\n\t\t\t\t\t<div class=\"e-con-inner\">\n\t\t\t\t<div class=\"elementor-element elementor-element-f37a4cf elementor-widget elementor-widget-text-editor\" data-id=\"f37a4cf\" data-element_type=\"widget\" data-widget_type=\"text-editor.default\">\n\t\t\t\t\t\t\t\t\t<h1><span style=\"color: #000000;\">Conditions G\u00e9n\u00e9rales de Participation<\/span><\/h1><p><span style=\"color: #000000;\"><b>It\u2019s Time to Ride<\/b><\/span><\/p><p><span style=\"color: #000000;\">\u00a0<\/span><\/p><h2><span style=\"color: #000000;\">1. Pr\u00e9sentation<\/span><\/h2><p><span style=\"color: #000000;\">Le pr\u00e9sent r\u00e8glement d\u00e9finit les conditions de participation aux activit\u00e9s organis\u00e9es par It\u2019s Time to Ride, \u00e9tablie \u00e0 1380 Lasne, Belgique\u00a0(TVA BE1016182391).<br \/>Contact : contact@itstimetoride.be<\/span><\/p><p><span style=\"color: #000000;\">It\u2019s Time to Ride organise des balades moto et auto, des raids, des stages, et des \u00e9v\u00e9nements d\u2019un ou plusieurs jours\u00a0avec ou sans h\u00e9bergement.<\/span><\/p><p><span style=\"color: #000000;\">\u00a0<\/span><\/p><h2><span style=\"color: #000000;\">2. R\u00e9servation et paiement<\/span><\/h2><p><a name=\"OWAebbe0968-299d-8511-b300-8e4d0bbb8adf\"><\/a> <span style=\"color: #000000;\">L\u2019inscription \u00e0 un \u00e9v\u00e9nement s\u2019effectue via un formulaire en ligne\u00a0disponible sur le site <a href=\"https:\/\/www.itstimetoride.be\/\" target=\"_blank\" rel=\"noopener\">www.itstimetoride.be<\/a><\/span><\/p><p><span style=\"color: #000000;\">Le paiement se fait par virement bancaire, dont les informations sont communiqu\u00e9es apr\u00e8s inscription.<\/span><\/p><p><span style=\"color: #000000;\">La cl\u00f4ture des inscriptions se fera d\u00e8s que le nombre de participants maximum est atteint et\/ou que la date limite est atteinte (pour des raisons d\u2019organisation et de r\u00e9servation par exemple). Les \u00e9ventuelles inscriptions apr\u00e8s la date limite seront mises sur une liste d\u2019attente et honor\u00e9es si d\u00e9sistement.<\/span><\/p><p><span style=\"color: #000000;\">Aucun acompte n\u2019est exig\u00e9.<br \/>L\u2019inscription est consid\u00e9r\u00e9e comme valide d\u00e8s r\u00e9ception du paiement complet ainsi que\u00a0 l\u2019acceptation des conditions g\u00e9n\u00e9rales.<\/span><\/p><p><span style=\"color: #000000;\">\u00a0<\/span><\/p><h3><span style=\"color: #000000;\">3. Annulation et remboursement<\/span><\/h3><p><span style=\"color: #000000;\">En cas d\u2019annulation par le participant si paiement \u00e0 eu lieu (acompte ou totalit\u00e9 de l&rsquo;inscription) les conditions suivantes s\u2019appliquent :<\/span><\/p><p><span style=\"color: #000000;\">\u2022\u00a0\u00a0 Jusqu&rsquo;\u00e0 3 mois avant l\u2019\u00e9v\u00e9nement : 200 \u20ac de frais de dossier seront retenus sur la totalit\u00e9 vers\u00e9e, pour les \u00e9v\u00e9nements d\u00e9passant 1000 \u20ac. <br \/><\/span><\/p><p><span style=\"color: #000000;\">\u2022\u00a0\u00a0 A moins de 3 mois jusqu&rsquo;\u00e0 1 mois avant l\u2019\u00e9v\u00e9nement : remboursement \u00e0 50 %.<\/span><\/p><p><span style=\"color: #000000;\">\u2022\u00a0\u00a0 1 mois avant l\u2019\u00e9v\u00e9nement ou moins\u00a0: aucun remboursement possible, la totalit\u00e9 reste due.<\/span><\/p><p><span style=\"color: #000000;\">En cas d\u2019annulation par l\u2019organisation pour raison majeure (<i>conditions m\u00e9t\u00e9o extr\u00eames, temp\u00eate, incendie, s\u00e9curit\u00e9, nombre insuffisant de participants, etc.<\/i>), impr\u00e9vus de derni\u00e8re minute ou autres peuvent aboutir \u00e0 la modification ou suppression de certaines \u00e9tapes ou portions d\u2019\u00e9tapes sans qu\u2019aucun remboursement ou indemnit\u00e9 ne soit pr\u00e9vu.<\/span><\/p><p><span style=\"color: #000000;\">\u00a0<\/span><\/p><h2><span style=\"color: #000000;\">4. Divers<\/span><\/h2><p><span style=\"color: #000000;\">L\u2019organisateur se r\u00e9serve le droit de publier les photos, videos faites pendant l\u2019\u00e9v\u00e9nement \u00e0 des fins publicitaires (sauf invocation pr\u00e9alable du droit \u00e0 l\u2019image par le participant).<\/span><\/p><p><span style=\"color: #000000;\">Le participant accepte et comprend les termes de La Balade et il renonce d\u00e9finitivement et d\u00e8s \u00e0 pr\u00e9sent en son\u00a0 nom personnel et au nom de ses h\u00e9ritiers, repr\u00e9sentants personnels, successeurs, ayant droit et autres repr\u00e9sentants l\u00e9gaux, \u00e0 toutes poursuites ou r\u00e9clamations pouvant en r\u00e9sulter contre Simon Tampaxis, ainsi que ses membres et b\u00e9n\u00e9voles de toute responsabilit\u00e9 \u00e0 son \u00e9gard et \u00e0 celui de ses biens.<\/span><\/p><p><span style=\"color: #000000;\">\u00a0<\/span><\/p><h2><span style=\"color: #000000;\">5. Responsabilit\u00e9 et s\u00e9curit\u00e9<\/span><\/h2><p><span style=\"color: #000000;\">Chaque participant s\u2019engage \u00e0 :<\/span><\/p><p><span style=\"color: #000000;\">\u2022\u00a0\u00a0 Tous les participants doivent \u00eatre en possession de leurs papiers d\u2019identit\u00e9 ainsi que les documents de leur v\u00e9hicule d\u00fbment immatricul\u00e9 et en conformit\u00e9.<\/span><\/p><p><span style=\"color: #000000;\">\u2022\u00a0\u00a0 Les participants d\u00e9clarent qu\u2019ils sont en bonne sant\u00e9 pour participer \u00e0 l\u2019\u00e9v\u00e9nement et ont fait les vaccins \u00e9ventuellement requis dans le pays travers\u00e9.<\/span><\/p><p><span style=\"color: #000000;\">\u2022\u00a0\u00a0 Rouler sous sa propre responsabilit\u00e9, en respectant le Code de la route et les r\u00e8gles locales.<\/span><\/p><p><span style=\"color: #000000;\">\u2022\u00a0\u00a0 \u00catre titulaire d\u2019un permis de conduire valide, et disposer d\u2019une assurance moto en ordre\u00a0(<i>responsabilit\u00e9 civile, assistance, etc.<\/i>).<\/span><\/p><p><span style=\"color: #000000;\">\u2022\u00a0\u00a0 Utiliser un v\u00e9hicule en bon \u00e9tat de fonctionnement\u00a0et conforme \u00e0 la l\u00e9gislation, notamment \u00e9missions sonores trop \u00e9lev\u00e9es.<\/span><\/p><p><span style=\"color: #000000;\">\u2022\u00a0\u00a0 L\u2019organisateur ne peut pas \u00eatre tenu responsable des d\u00e9g\u00e2ts, dommage, pr\u00e9judices, incidents et\/ou accidents directs ou indirects subis ou caus\u00e9s par les participants \u00e0 des tiers ou \u00e0 eux-m\u00eames durant leur participation \u00e0 l\u2019\u00e9v\u00e9nement que ce soit d\u2019ordre corporel ou m\u00e9canique.<\/span><\/p><p><span style=\"color: #000000;\">\u2022\u00a0\u00a0 Les roads book et GPX mis-\u00e0-disposition par l\u2019organisateur ne doivent pas \u00eatre partag\u00e9s sur internet ou sur tout autre support.<\/span><\/p><p><span style=\"color: #000000;\">\u2022\u00a0\u00a0 It\u2019s Time to ride ne peut \u00eatre tenu responsable de toute blessure ou perte subie pendant le s\u00e9jour.<\/span><\/p><p><span style=\"color: #000000;\">\u2022\u00a0\u00a0 La trace propos\u00e9e par It\u2019s Time to ride n\u2019est en aucun cas obligatoire, le pilote l\u2019emprunte sous son enti\u00e8re responsabilit\u00e9<\/span><\/p><p><span style=\"color: #000000;\">\u2022\u00a0\u00a0 Je m\u2019engage \u00e0 respecter le mat\u00e9riel \u00e9ventuellement mis \u00e0 disposition (GPS et autres) et \u00e0 payer le remplacement en cas d\u2019endommagement.<\/span><\/p><p><span style=\"color: #000000;\">\u2022\u00a0\u00a0 Si d\u00e9gradation sur le site du logement (H\u00f4tel-G\u00eete-Chal\u00eat), les locataires payeront les d\u00e9g\u00e2ts engendr\u00e9s au propri\u00e9taire ou lieu de l\u00e9v\u00e9nement.<\/span><\/p><p><span style=\"color: #000000;\">Les activit\u00e9s propos\u00e9es ne sont en aucun cas des comp\u00e9titions<b>.<\/b><br \/>Le respect des riverains, de la nature\u00a0et des autres usagers\u00a0est obligatoire\u00a0:<\/span><\/p><p><span style=\"color: #000000;\">\u2022\u00a0\u00a0 pas de conduite dangereuse ni de bruit excessif,<\/span><\/p><p><span style=\"color: #000000;\">\u2022\u00a0\u00a0 attention particuli\u00e8re port\u00e9e aux pi\u00e9tons, animaux et v\u00e9hicules rencontr\u00e9s,<\/span><\/p><p><span style=\"color: #000000;\">\u2022\u00a0\u00a0 vitesse mod\u00e9r\u00e9e sur chemins ou zones partag\u00e9es.<\/span><\/p><p><span style=\"color: #000000;\">Le propri\u00e9taire est seul responsable de la panne de son v\u00e9hicule ou de l\u2019un des moyens de navigation. L\u2019organisateur n\u2019a aucune obligation d\u2019assistance mais fera son maximum pour d\u00e9panner le participant et pour le ramener \u00e0 la fin de l\u2019\u00e9tape du jour.<\/span><\/p><p><span style=\"color: #000000;\">Le rapatriement reste \u00e0 charge du client s\u2019il doit quitter l\u2019\u00e9v\u00e9nement.<\/span><\/p><p><span style=\"color: #000000;\">Tout comportement dangereux ou irrespectueux pourra entra\u00eener l\u2019exclusion imm\u00e9diate\u00a0de l\u2019\u00e9v\u00e9nement, sans remboursement.<\/span><\/p><p><span style=\"color: #000000;\">\u00a0<\/span><\/p><h2><span style=\"color: #000000;\">6. L\u00e9gislation applicable<\/span><\/h2><p><span style=\"color: #000000;\">Les pr\u00e9sentes conditions sont soumises au droit belge.<br \/>Tout litige relatif \u00e0 leur interpr\u00e9tation ou \u00e0 leur ex\u00e9cution sera de la comp\u00e9tence exclusive des tribunaux belges.<\/span><\/p><p><span style=\"color: #000000;\">D\u2019autre part, chaque participant doit veiller au respect du code de la route et de la l\u00e9gislation en vigueur dans les pays et r\u00e9gions travers\u00e9es et s\u2019y conformer.<\/span><\/p>\t\t\t\t\t\t\t\t<\/div>\n\t\t\t\t\t<\/div>\n\t\t\t\t<\/div>\n\t\t\t\t<\/div>\n\t\t","protected":false},"excerpt":{"rendered":"<p>Conditions G\u00e9n\u00e9rales de Participation It\u2019s Time to Ride \u00a0 1. Pr\u00e9sentation Le pr\u00e9sent r\u00e8glement d\u00e9finit les conditions de participation aux activit\u00e9s organis\u00e9es par It\u2019s Time to Ride, \u00e9tablie \u00e0 1380 Lasne, Belgique\u00a0(TVA BE1016182391).Contact : contact@itstimetoride.be It\u2019s Time to Ride organise des balades moto et auto, des raids, des stages, et des \u00e9v\u00e9nements d\u2019un ou plusieurs [&hellip;]<\/p>\n","protected":false},"author":1,"featured_media":0,"parent":0,"menu_order":0,"comment_status":"closed","ping_status":"closed","template":"","meta":{"ocean_post_layout":"","ocean_both_sidebars_style":"","ocean_both_sidebars_content_width":0,"ocean_both_sidebars_sidebars_width":0,"ocean_sidebar":"","ocean_second_sidebar":"","ocean_disable_margins":"enable","ocean_add_body_class":"","ocean_shortcode_before_top_bar":"","ocean_shortcode_after_top_bar":"","ocean_shortcode_before_header":"","ocean_shortcode_after_header":"","ocean_has_shortcode":"","ocean_shortcode_after_title":"","ocean_shortcode_before_footer_widgets":"","ocean_shortcode_after_footer_widgets":"","ocean_shortcode_before_footer_bottom":"","ocean_shortcode_after_footer_bottom":"","ocean_display_top_bar":"default","ocean_display_header":"default","ocean_header_style":"","ocean_center_header_left_menu":"","ocean_custom_header_template":"","ocean_custom_logo":0,"ocean_custom_retina_logo":0,"ocean_custom_logo_max_width":0,"ocean_custom_logo_tablet_max_width":0,"ocean_custom_logo_mobile_max_width":0,"ocean_custom_logo_max_height":0,"ocean_custom_logo_tablet_max_height":0,"ocean_custom_logo_mobile_max_height":0,"ocean_header_custom_menu":"","ocean_menu_typo_font_family":"","ocean_menu_typo_font_subset":"","ocean_menu_typo_font_size":0,"ocean_menu_typo_font_size_tablet":0,"ocean_menu_typo_font_size_mobile":0,"ocean_menu_typo_font_size_unit":"px","ocean_menu_typo_font_weight":"","ocean_menu_typo_font_weight_tablet":"","ocean_menu_typo_font_weight_mobile":"","ocean_menu_typo_transform":"","ocean_menu_typo_transform_tablet":"","ocean_menu_typo_transform_mobile":"","ocean_menu_typo_line_height":0,"ocean_menu_typo_line_height_tablet":0,"ocean_menu_typo_line_height_mobile":0,"ocean_menu_typo_line_height_unit":"","ocean_menu_typo_spacing":0,"ocean_menu_typo_spacing_tablet":0,"ocean_menu_typo_spacing_mobile":0,"ocean_menu_typo_spacing_unit":"","ocean_menu_link_color":"","ocean_menu_link_color_hover":"","ocean_menu_link_color_active":"","ocean_menu_link_background":"","ocean_menu_link_hover_background":"","ocean_menu_link_active_background":"","ocean_menu_social_links_bg":"","ocean_menu_social_hover_links_bg":"","ocean_menu_social_links_color":"","ocean_menu_social_hover_links_color":"","ocean_disable_title":"on","ocean_disable_heading":"default","ocean_post_title":"","ocean_post_subheading":"","ocean_post_title_style":"","ocean_post_title_background_color":"","ocean_post_title_background":0,"ocean_post_title_bg_image_position":"","ocean_post_title_bg_image_attachment":"","ocean_post_title_bg_image_repeat":"","ocean_post_title_bg_image_size":"","ocean_post_title_height":0,"ocean_post_title_bg_overlay":0.5,"ocean_post_title_bg_overlay_color":"","ocean_disable_breadcrumbs":"default","ocean_breadcrumbs_color":"","ocean_breadcrumbs_separator_color":"","ocean_breadcrumbs_links_color":"","ocean_breadcrumbs_links_hover_color":"","ocean_display_footer_widgets":"default","ocean_display_footer_bottom":"default","ocean_custom_footer_template":"","footnotes":""},"class_list":["post-458","page","type-page","status-publish","hentry","entry"],"yoast_head":"<!-- This site is optimized with the Yoast SEO plugin v26.3 - https:\/\/yoast.com\/wordpress\/plugins\/seo\/ -->\n<title>Conditions G\u00e9n\u00e9rales de Participation - WordPress<\/title>\n<meta name=\"robots\" content=\"index, follow, max-snippet:-1, max-image-preview:large, max-video-preview:-1\" \/>\n<link rel=\"canonical\" href=\"https:\/\/www.itstimetoride.be\/index.php\/conditions-generales-de-participation\/\" \/>\n<meta property=\"og:locale\" content=\"fr_FR\" \/>\n<meta property=\"og:type\" content=\"article\" \/>\n<meta property=\"og:title\" content=\"Conditions G\u00e9n\u00e9rales de Participation - WordPress\" \/>\n<meta property=\"og:description\" content=\"Conditions G\u00e9n\u00e9rales de Participation It\u2019s Time to Ride \u00a0 1. Pr\u00e9sentation Le pr\u00e9sent r\u00e8glement d\u00e9finit les conditions de participation aux activit\u00e9s organis\u00e9es par It\u2019s Time to Ride, \u00e9tablie \u00e0 1380 Lasne, Belgique\u00a0(TVA BE1016182391).Contact : contact@itstimetoride.be It\u2019s Time to Ride organise des balades moto et auto, des raids, des stages, et des \u00e9v\u00e9nements d\u2019un ou plusieurs [&hellip;]\" \/>\n<meta property=\"og:url\" content=\"https:\/\/www.itstimetoride.be\/index.php\/conditions-generales-de-participation\/\" \/>\n<meta property=\"og:site_name\" content=\"WordPress\" \/>\n<meta property=\"article:modified_time\" content=\"2025-11-14T05:35:10+00:00\" \/>\n<meta name=\"twitter:card\" content=\"summary_large_image\" \/>\n<meta name=\"twitter:label1\" content=\"Dur\u00e9e de lecture est.\" \/>\n\t<meta name=\"twitter:data1\" content=\"5 minutes\" \/>\n<script type=\"application\/ld+json\" class=\"yoast-schema-graph\">{\"@context\":\"https:\/\/schema.org\",\"@graph\":[{\"@type\":\"WebPage\",\"@id\":\"https:\/\/www.itstimetoride.be\/index.php\/conditions-generales-de-participation\/\",\"url\":\"https:\/\/www.itstimetoride.be\/index.php\/conditions-generales-de-participation\/\",\"name\":\"Conditions G\u00e9n\u00e9rales de Participation - WordPress\",\"isPartOf\":{\"@id\":\"https:\/\/www.itstimetoride.be\/#website\"},\"datePublished\":\"2025-10-16T09:40:20+00:00\",\"dateModified\":\"2025-11-14T05:35:10+00:00\",\"breadcrumb\":{\"@id\":\"https:\/\/www.itstimetoride.be\/index.php\/conditions-generales-de-participation\/#breadcrumb\"},\"inLanguage\":\"fr-BE\",\"potentialAction\":[{\"@type\":\"ReadAction\",\"target\":[\"https:\/\/www.itstimetoride.be\/index.php\/conditions-generales-de-participation\/\"]}]},{\"@type\":\"BreadcrumbList\",\"@id\":\"https:\/\/www.itstimetoride.be\/index.php\/conditions-generales-de-participation\/#breadcrumb\",\"itemListElement\":[{\"@type\":\"ListItem\",\"position\":1,\"name\":\"Accueil\",\"item\":\"https:\/\/www.itstimetoride.be\/\"},{\"@type\":\"ListItem\",\"position\":2,\"name\":\"Conditions G\u00e9n\u00e9rales de Participation\"}]},{\"@type\":\"WebSite\",\"@id\":\"https:\/\/www.itstimetoride.be\/#website\",\"url\":\"https:\/\/www.itstimetoride.be\/\",\"name\":\"itstimetoride.be\",\"description\":\"\",\"publisher\":{\"@id\":\"https:\/\/www.itstimetoride.be\/#organization\"},\"potentialAction\":[{\"@type\":\"SearchAction\",\"target\":{\"@type\":\"EntryPoint\",\"urlTemplate\":\"https:\/\/www.itstimetoride.be\/?s={search_term_string}\"},\"query-input\":{\"@type\":\"PropertyValueSpecification\",\"valueRequired\":true,\"valueName\":\"search_term_string\"}}],\"inLanguage\":\"fr-BE\"},{\"@type\":\"Organization\",\"@id\":\"https:\/\/www.itstimetoride.be\/#organization\",\"name\":\"itstimetoride.be\",\"url\":\"https:\/\/www.itstimetoride.be\/\",\"logo\":{\"@type\":\"ImageObject\",\"inLanguage\":\"fr-BE\",\"@id\":\"https:\/\/www.itstimetoride.be\/#\/schema\/logo\/image\/\",\"url\":\"https:\/\/www.itstimetoride.be\/wp-content\/uploads\/2025\/10\/cropped-Logo-sans-fond-blanc.png\",\"contentUrl\":\"https:\/\/www.itstimetoride.be\/wp-content\/uploads\/2025\/10\/cropped-Logo-sans-fond-blanc.png\",\"width\":1023,\"height\":361,\"caption\":\"itstimetoride.be\"},\"image\":{\"@id\":\"https:\/\/www.itstimetoride.be\/#\/schema\/logo\/image\/\"}}]}<\/script>\n<!-- \/ Yoast SEO plugin. -->","yoast_head_json":{"title":"Conditions G\u00e9n\u00e9rales de Participation - WordPress","robots":{"index":"index","follow":"follow","max-snippet":"max-snippet:-1","max-image-preview":"max-image-preview:large","max-video-preview":"max-video-preview:-1"},"canonical":"https:\/\/www.itstimetoride.be\/index.php\/conditions-generales-de-participation\/","og_locale":"fr_FR","og_type":"article","og_title":"Conditions G\u00e9n\u00e9rales de Participation - WordPress","og_description":"Conditions G\u00e9n\u00e9rales de Participation It\u2019s Time to Ride \u00a0 1. Pr\u00e9sentation Le pr\u00e9sent r\u00e8glement d\u00e9finit les conditions de participation aux activit\u00e9s organis\u00e9es par It\u2019s Time to Ride, \u00e9tablie \u00e0 1380 Lasne, Belgique\u00a0(TVA BE1016182391).Contact : contact@itstimetoride.be It\u2019s Time to Ride organise des balades moto et auto, des raids, des stages, et des \u00e9v\u00e9nements d\u2019un ou plusieurs [&hellip;]","og_url":"https:\/\/www.itstimetoride.be\/index.php\/conditions-generales-de-participation\/","og_site_name":"WordPress","article_modified_time":"2025-11-14T05:35:10+00:00","twitter_card":"summary_large_image","twitter_misc":{"Dur\u00e9e de lecture est.":"5 minutes"},"schema":{"@context":"https:\/\/schema.org","@graph":[{"@type":"WebPage","@id":"https:\/\/www.itstimetoride.be\/index.php\/conditions-generales-de-participation\/","url":"https:\/\/www.itstimetoride.be\/index.php\/conditions-generales-de-participation\/","name":"Conditions G\u00e9n\u00e9rales de Participation - WordPress","isPartOf":{"@id":"https:\/\/www.itstimetoride.be\/#website"},"datePublished":"2025-10-16T09:40:20+00:00","dateModified":"2025-11-14T05:35:10+00:00","breadcrumb":{"@id":"https:\/\/www.itstimetoride.be\/index.php\/conditions-generales-de-participation\/#breadcrumb"},"inLanguage":"fr-BE","potentialAction":[{"@type":"ReadAction","target":["https:\/\/www.itstimetoride.be\/index.php\/conditions-generales-de-participation\/"]}]},{"@type":"BreadcrumbList","@id":"https:\/\/www.itstimetoride.be\/index.php\/conditions-generales-de-participation\/#breadcrumb","itemListElement":[{"@type":"ListItem","position":1,"name":"Accueil","item":"https:\/\/www.itstimetoride.be\/"},{"@type":"ListItem","position":2,"name":"Conditions G\u00e9n\u00e9rales de Participation"}]},{"@type":"WebSite","@id":"https:\/\/www.itstimetoride.be\/#website","url":"https:\/\/www.itstimetoride.be\/","name":"itstimetoride.be","description":"","publisher":{"@id":"https:\/\/www.itstimetoride.be\/#organization"},"potentialAction":[{"@type":"SearchAction","target":{"@type":"EntryPoint","urlTemplate":"https:\/\/www.itstimetoride.be\/?s={search_term_string}"},"query-input":{"@type":"PropertyValueSpecification","valueRequired":true,"valueName":"search_term_string"}}],"inLanguage":"fr-BE"},{"@type":"Organization","@id":"https:\/\/www.itstimetoride.be\/#organization","name":"itstimetoride.be","url":"https:\/\/www.itstimetoride.be\/","logo":{"@type":"ImageObject","inLanguage":"fr-BE","@id":"https:\/\/www.itstimetoride.be\/#\/schema\/logo\/image\/","url":"https:\/\/www.itstimetoride.be\/wp-content\/uploads\/2025\/10\/cropped-Logo-sans-fond-blanc.png","contentUrl":"https:\/\/www.itstimetoride.be\/wp-content\/uploads\/2025\/10\/cropped-Logo-sans-fond-blanc.png","width":1023,"height":361,"caption":"itstimetoride.be"},"image":{"@id":"https:\/\/www.itstimetoride.be\/#\/schema\/logo\/image\/"}}]}},"_links":{"self":[{"href":"https:\/\/www.itstimetoride.be\/index.php\/wp-json\/wp\/v2\/pages\/458","targetHints":{"allow":["GET"]}}],"collection":[{"href":"https:\/\/www.itstimetoride.be\/index.php\/wp-json\/wp\/v2\/pages"}],"about":[{"href":"https:\/\/www.itstimetoride.be\/index.php\/wp-json\/wp\/v2\/types\/page"}],"author":[{"embeddable":true,"href":"https:\/\/www.itstimetoride.be\/index.php\/wp-json\/wp\/v2\/users\/1"}],"replies":[{"embeddable":true,"href":"https:\/\/www.itstimetoride.be\/index.php\/wp-json\/wp\/v2\/comments?post=458"}],"version-history":[{"count":38,"href":"https:\/\/www.itstimetoride.be\/index.php\/wp-json\/wp\/v2\/pages\/458\/revisions"}],"predecessor-version":[{"id":1078,"href":"https:\/\/www.itstimetoride.be\/index.php\/wp-json\/wp\/v2\/pages\/458\/revisions\/1078"}],"wp:attachment":[{"href":"https:\/\/www.itstimetoride.be\/index.php\/wp-json\/wp\/v2\/media?parent=458"}],"curies":[{"name":"wp","href":"https:\/\/api.w.org\/{rel}","templated":true}]}}